{"id":52,"date":"2025-04-25T07:40:48","date_gmt":"2025-04-25T07:40:48","guid":{"rendered":"https:\/\/mimartfuerte.es\/?page_id=52"},"modified":"2025-06-02T10:54:11","modified_gmt":"2025-06-02T10:54:11","slug":"sobre-mi","status":"publish","type":"page","link":"https:\/\/mimartfuerte.es\/index.php\/sobre-mi\/","title":{"rendered":"Sobre m\u00ed"},"content":{"rendered":"\n[et_pb_section fb_built=\u00bb1&#8243; custom_padding_last_edited=\u00bbon|tablet\u00bb disabled_on=\u00bboff|off|off\u00bb _builder_version=\u00bb4.17.3&#8243; _module_preset=\u00bbdefault\u00bb use_background_color_gradient=\u00bbon\u00bb background_color_gradient_direction=\u00bb115deg\u00bb background_color_gradient_stops=\u00bb#184341 48%|rgba(255,255,255,0) 75%\u00bb background_color_gradient_overlays_image=\u00bbon\u00bb background_image=\u00bbhttps:\/\/mimartfuerte.es\/wp-content\/uploads\/2025\/04\/investment-1-security-1-scaled-1.jpg\u00bb custom_margin=\u00bb0px||0px||false|false\u00bb custom_padding=\u00bb160px||160px||false|false\u00bb custom_padding_tablet=\u00bb120px||120px||false|false\u00bb custom_padding_phone=\u00bb80px||80px||false|false\u00bb animation_style=\u00bbfade\u00bb animation_duration=\u00bb900ms\u00bb background_last_edited=\u00bbon|phone\u00bb background_position_phone=\u00bbcenter_right\u00bb background_horizontal_offset_phone=\u00bb38%\u00bb global_colors_info=\u00bb{}\u00bb][et_pb_row _builder_version=\u00bb4.27.0&#8243; _module_preset=\u00bbdefault\u00bb width=\u00bb90%\u00bb max_width=\u00bb1170px\u00bb custom_margin=\u00bb0px||0px|190px|false|false\u00bb custom_padding=\u00bb0px||0px||false|false\u00bb hover_enabled=\u00bb0&#8243; global_colors_info=\u00bb{}\u00bb custom_margin_last_edited=\u00bbon|phone\u00bb custom_margin_phone=\u00bb0px||0px|26px|false|false\u00bb sticky_enabled=\u00bb0&#8243; custom_margin_tablet=\u00bb|||76px|false|false\u00bb][et_pb_column type=\u00bb4_4&#8243; _builder_version=\u00bb4.17.3&#8243; _module_preset=\u00bbdefault\u00bb custom_padding=\u00bb|0px|||false|false\u00bb custom_padding_tablet=\u00bb|0px|||false|false\u00bb custom_padding_phone=\u00bb|0px|||false|false\u00bb custom_padding_last_edited=\u00bbon|tablet\u00bb global_colors_info=\u00bb{}\u00bb][et_pb_text _builder_version=\u00bb4.17.3&#8243; _module_preset=\u00bbdefault\u00bb header_2_font=\u00bbMulish|800|||||||\u00bb header_2_text_align=\u00bbleft\u00bb header_2_text_color=\u00bb#ffcd28&#8243; header_2_font_size=\u00bb41px\u00bb header_2_letter_spacing=\u00bb-1px\u00bb header_2_line_height=\u00bb1.2em\u00bb custom_margin=\u00bb0px||10px||false|false\u00bb custom_padding=\u00bb0px||0px||false|false\u00bb animation_style=\u00bbslide\u00bb animation_direction=\u00bbbottom\u00bb header_2_font_size_tablet=\u00bb41px\u00bb header_2_font_size_phone=\u00bb30px\u00bb header_2_font_size_last_edited=\u00bbon|phone\u00bb global_colors_info=\u00bb{}\u00bb]<h2>Sobre m\u00ed<\/h2>[\/et_pb_text][et_pb_text _builder_version=\u00bb4.27.0&#8243; _module_preset=\u00bbdefault\u00bb text_font=\u00bbMulish|700|||||||\u00bb text_text_color=\u00bbrgba(255,255,255,0.55)\u00bb text_font_size=\u00bb17px\u00bb animation_style=\u00bbslide\u00bb animation_direction=\u00bbbottom\u00bb animation_delay=\u00bb400ms\u00bb global_colors_info=\u00bb{}\u00bb]<p><span>Doramas Ancor Marrero Romero<\/span><\/p>[\/et_pb_text][et_pb_text content_tablet=\u00bb<p>\u201cYou made it so simple. My site is so much faster and easier to work<br \/>with than my old site. I just choose the page, make the change and<br \/>click save.\u201d<\/p>\u00bb content_phone=\u00bb\u201cYou made it so simple. My site is so much faster and easier to work with than my old site. I just choose the page, make the change and click save.\u201d\u00bb content_last_edited=\u00bboff|desktop\u00bb _builder_version=\u00bb4.17.3&#8243; _module_preset=\u00bbdefault\u00bb text_font=\u00bbRoboto Condensed||||||||\u00bb text_text_color=\u00bb#FFFFFF\u00bb text_font_size=\u00bb25px\u00bb text_line_height=\u00bb1.6em\u00bb max_width=\u00bb650px\u00bb custom_margin=\u00bb0px||30px||false|false\u00bb custom_margin_tablet=\u00bb0px||30px||false|false\u00bb custom_margin_phone=\u00bb||30px||false|false\u00bb custom_margin_last_edited=\u00bbon|tablet\u00bb custom_padding=\u00bb0px||0px||false|false\u00bb animation_style=\u00bbslide\u00bb animation_direction=\u00bbbottom\u00bb animation_delay=\u00bb200ms\u00bb text_font_size_tablet=\u00bb25px\u00bb text_font_size_phone=\u00bb20px\u00bb text_font_size_last_edited=\u00bbon|phone\u00bb global_colors_info=\u00bb{}\u00bb]<p>Soy un profesional aut\u00f3nomo con m\u00e1s de 20 a\u00f1os de experiencia colaborando con despachos de abogados, especializado en ayudar a clientes extranjeros con tr\u00e1mites administrativos como residencia, compraventa de propiedades, gesti\u00f3n de impuestos y homologaci\u00f3n de veh\u00edculos en Espa\u00f1a. Adem\u00e1s, soy decorador de interiores titulado y gestiono alquileres vacacionales, lo que me permite ofrecer un servicio integral a quienes buscan establecerse o invertir en el pa\u00eds.<\/p>[\/et_pb_text][et_pb_text _builder_version=\u00bb4.27.0&#8243; _module_preset=\u00bbdefault\u00bb text_font=\u00bbRoboto Condensed|700|||||||\u00bb text_text_color=\u00bb#FFFFFF\u00bb link_font=\u00bbRoboto Condensed|700|||||||\u00bb link_text_align=\u00bbleft\u00bb link_text_color=\u00bb#ffcd28&#8243; link_font_size=\u00bb19px\u00bb link_line_height=\u00bb1.8em\u00bb transform_scale_tablet=\u00bb\u00bb transform_scale_phone=\u00bb\u00bb transform_scale_last_edited=\u00bbon|phone\u00bb transform_translate=\u00bb3px|-16px\u00bb transform_translate_tablet=\u00bb373px|68px\u00bb transform_translate_phone=\u00bb0px|0px\u00bb transform_translate_last_edited=\u00bbon|phone\u00bb transform_rotate_tablet=\u00bb\u00bb transform_rotate_phone=\u00bb\u00bb transform_rotate_last_edited=\u00bbon|phone\u00bb transform_skew_tablet=\u00bb\u00bb transform_skew_phone=\u00bb\u00bb transform_skew_last_edited=\u00bbon|phone\u00bb transform_origin_tablet=\u00bb\u00bb transform_origin_phone=\u00bb\u00bb transform_origin_last_edited=\u00bbon|phone\u00bb transform_styles_last_edited=\u00bbon|phone\u00bb custom_margin=\u00bb0px||0px||false|false\u00bb custom_margin_tablet=\u00bb0px||0px||false|false\u00bb custom_margin_phone=\u00bb40px||30px||false|false\u00bb custom_margin_last_edited=\u00bbon|phone\u00bb custom_padding=\u00bb0px||0px||false|false\u00bb animation_style=\u00bbslide\u00bb animation_direction=\u00bbbottom\u00bb animation_delay=\u00bb800ms\u00bb animation_intensity_slide=\u00bb15%\u00bb hover_enabled=\u00bb0&#8243; transform_styles_tablet=\u00bb\u00bb transform_styles_phone=\u00bb\u00bb global_colors_info=\u00bb{}\u00bb sticky_enabled=\u00bb0&#8243;]<p>ll\u00e1manos ahora<br \/><a href=\"#\">+34 <b>619 77 96 08<\/b><\/a><\/p>[\/et_pb_text][et_pb_image src=\u00bbhttps:\/\/mimartfuerte.es\/wp-content\/uploads\/2025\/04\/Recurso-11@2x-scaled.png\u00bb alt=\u00bbRecurso 11@2x\u00bb title_text=\u00bbRecurso 11@2x\u00bb _builder_version=\u00bb4.27.0&#8243; _module_preset=\u00bbdefault\u00bb max_width=\u00bb50%\u00bb global_colors_info=\u00bb{}\u00bb][\/et_pb_image][\/et_pb_column][\/et_pb_row][\/et_pb_section]\n","protected":false},"excerpt":{"rendered":"<p>Sobre m\u00edDoramas Ancor Marrero RomeroSoy un profesional aut\u00f3nomo con m\u00e1s de 20 a\u00f1os de experiencia colaborando con despachos de abogados, especializado en ayudar a clientes extranjeros con tr\u00e1mites administrativos como residencia, compraventa de propiedades, gesti\u00f3n de impuestos y homologaci\u00f3n de veh\u00edculos en Espa\u00f1a. Adem\u00e1s, soy decorador de interiores titulado y gestiono alquileres vacacionales, lo que [&hellip;]<\/p>\n","protected":false},"author":1,"featured_media":0,"parent":0,"menu_order":0,"comment_status":"closed","ping_status":"closed","template":"","meta":{"_et_pb_use_builder":"on","_et_pb_old_content":"<!-- wp:divi\/placeholder \/-->","_et_gb_content_width":"","footnotes":""},"class_list":["post-52","page","type-page","status-publish","hentry"],"yoast_head":"<!-- This site is optimized with the Yoast SEO plugin v27.4 - https:\/\/yoast.com\/product\/yoast-seo-wordpress\/ -->\n<title>Sobre m\u00ed - Mimart Fuerteventura<\/title>\n<meta name=\"description\" content=\"Descubre m\u00e1s Sobre m\u00ed, mi trayectoria profesional y los valores que me impulsan en cada proyecto inmobiliario.\" \/>\n<meta name=\"robots\" content=\"index, follow, max-snippet:-1, max-image-preview:large, max-video-preview:-1\" \/>\n<link rel=\"canonical\" href=\"https:\/\/mimartfuerte.es\/index.php\/sobre-mi\/\" \/>\n<meta property=\"og:locale\" content=\"es_ES\" \/>\n<meta property=\"og:type\" content=\"article\" \/>\n<meta property=\"og:title\" content=\"Sobre m\u00ed - Mimart Fuerteventura\" \/>\n<meta property=\"og:description\" content=\"Descubre m\u00e1s Sobre m\u00ed, mi trayectoria profesional y los valores que me impulsan en cada proyecto inmobiliario.\" \/>\n<meta property=\"og:url\" content=\"https:\/\/mimartfuerte.es\/index.php\/sobre-mi\/\" \/>\n<meta property=\"og:site_name\" content=\"Mimart Fuerteventura\" \/>\n<meta property=\"article:modified_time\" content=\"2025-06-02T10:54:11+00:00\" \/>\n<meta name=\"twitter:card\" content=\"summary_large_image\" \/>\n<meta name=\"twitter:label1\" content=\"Tiempo de lectura\" \/>\n\t<meta name=\"twitter:data1\" content=\"1 minuto\" \/>\n<script type=\"application\/ld+json\" class=\"yoast-schema-graph\">{\"@context\":\"https:\\\/\\\/schema.org\",\"@graph\":[{\"@type\":\"WebPage\",\"@id\":\"https:\\\/\\\/mimartfuerte.es\\\/index.php\\\/sobre-mi\\\/\",\"url\":\"https:\\\/\\\/mimartfuerte.es\\\/index.php\\\/sobre-mi\\\/\",\"name\":\"Sobre m\u00ed - Mimart Fuerteventura\",\"isPartOf\":{\"@id\":\"https:\\\/\\\/mimartfuerte.es\\\/#website\"},\"datePublished\":\"2025-04-25T07:40:48+00:00\",\"dateModified\":\"2025-06-02T10:54:11+00:00\",\"description\":\"Descubre m\u00e1s Sobre m\u00ed, mi trayectoria profesional y los valores que me impulsan en cada proyecto inmobiliario.\",\"breadcrumb\":{\"@id\":\"https:\\\/\\\/mimartfuerte.es\\\/index.php\\\/sobre-mi\\\/#breadcrumb\"},\"inLanguage\":\"es\",\"potentialAction\":[{\"@type\":\"ReadAction\",\"target\":[\"https:\\\/\\\/mimartfuerte.es\\\/index.php\\\/sobre-mi\\\/\"]}]},{\"@type\":\"BreadcrumbList\",\"@id\":\"https:\\\/\\\/mimartfuerte.es\\\/index.php\\\/sobre-mi\\\/#breadcrumb\",\"itemListElement\":[{\"@type\":\"ListItem\",\"position\":1,\"name\":\"Portada\",\"item\":\"https:\\\/\\\/mimartfuerte.es\\\/\"},{\"@type\":\"ListItem\",\"position\":2,\"name\":\"Sobre m\u00ed\"}]},{\"@type\":\"WebSite\",\"@id\":\"https:\\\/\\\/mimartfuerte.es\\\/#website\",\"url\":\"https:\\\/\\\/mimartfuerte.es\\\/\",\"name\":\"Mimart Fuerteventura\",\"description\":\"Inmobiliaria con mas de 20 a\u00f1os de experiencia.\",\"potentialAction\":[{\"@type\":\"SearchAction\",\"target\":{\"@type\":\"EntryPoint\",\"urlTemplate\":\"https:\\\/\\\/mimartfuerte.es\\\/?s={search_term_string}\"},\"query-input\":{\"@type\":\"PropertyValueSpecification\",\"valueRequired\":true,\"valueName\":\"search_term_string\"}}],\"inLanguage\":\"es\"}]}<\/script>\n<!-- \/ Yoast SEO plugin. -->","yoast_head_json":{"title":"Sobre m\u00ed - Mimart Fuerteventura","description":"Descubre m\u00e1s Sobre m\u00ed, mi trayectoria profesional y los valores que me impulsan en cada proyecto inmobiliario.","robots":{"index":"index","follow":"follow","max-snippet":"max-snippet:-1","max-image-preview":"max-image-preview:large","max-video-preview":"max-video-preview:-1"},"canonical":"https:\/\/mimartfuerte.es\/index.php\/sobre-mi\/","og_locale":"es_ES","og_type":"article","og_title":"Sobre m\u00ed - Mimart Fuerteventura","og_description":"Descubre m\u00e1s Sobre m\u00ed, mi trayectoria profesional y los valores que me impulsan en cada proyecto inmobiliario.","og_url":"https:\/\/mimartfuerte.es\/index.php\/sobre-mi\/","og_site_name":"Mimart Fuerteventura","article_modified_time":"2025-06-02T10:54:11+00:00","twitter_card":"summary_large_image","twitter_misc":{"Tiempo de lectura":"1 minuto"},"schema":{"@context":"https:\/\/schema.org","@graph":[{"@type":"WebPage","@id":"https:\/\/mimartfuerte.es\/index.php\/sobre-mi\/","url":"https:\/\/mimartfuerte.es\/index.php\/sobre-mi\/","name":"Sobre m\u00ed - Mimart Fuerteventura","isPartOf":{"@id":"https:\/\/mimartfuerte.es\/#website"},"datePublished":"2025-04-25T07:40:48+00:00","dateModified":"2025-06-02T10:54:11+00:00","description":"Descubre m\u00e1s Sobre m\u00ed, mi trayectoria profesional y los valores que me impulsan en cada proyecto inmobiliario.","breadcrumb":{"@id":"https:\/\/mimartfuerte.es\/index.php\/sobre-mi\/#breadcrumb"},"inLanguage":"es","potentialAction":[{"@type":"ReadAction","target":["https:\/\/mimartfuerte.es\/index.php\/sobre-mi\/"]}]},{"@type":"BreadcrumbList","@id":"https:\/\/mimartfuerte.es\/index.php\/sobre-mi\/#breadcrumb","itemListElement":[{"@type":"ListItem","position":1,"name":"Portada","item":"https:\/\/mimartfuerte.es\/"},{"@type":"ListItem","position":2,"name":"Sobre m\u00ed"}]},{"@type":"WebSite","@id":"https:\/\/mimartfuerte.es\/#website","url":"https:\/\/mimartfuerte.es\/","name":"Mimart Fuerteventura","description":"Inmobiliaria con mas de 20 a\u00f1os de experiencia.","potentialAction":[{"@type":"SearchAction","target":{"@type":"EntryPoint","urlTemplate":"https:\/\/mimartfuerte.es\/?s={search_term_string}"},"query-input":{"@type":"PropertyValueSpecification","valueRequired":true,"valueName":"search_term_string"}}],"inLanguage":"es"}]}},"_links":{"self":[{"href":"https:\/\/mimartfuerte.es\/index.php\/wp-json\/wp\/v2\/pages\/52","targetHints":{"allow":["GET"]}}],"collection":[{"href":"https:\/\/mimartfuerte.es\/index.php\/wp-json\/wp\/v2\/pages"}],"about":[{"href":"https:\/\/mimartfuerte.es\/index.php\/wp-json\/wp\/v2\/types\/page"}],"author":[{"embeddable":true,"href":"https:\/\/mimartfuerte.es\/index.php\/wp-json\/wp\/v2\/users\/1"}],"replies":[{"embeddable":true,"href":"https:\/\/mimartfuerte.es\/index.php\/wp-json\/wp\/v2\/comments?post=52"}],"version-history":[{"count":11,"href":"https:\/\/mimartfuerte.es\/index.php\/wp-json\/wp\/v2\/pages\/52\/revisions"}],"predecessor-version":[{"id":263,"href":"https:\/\/mimartfuerte.es\/index.php\/wp-json\/wp\/v2\/pages\/52\/revisions\/263"}],"wp:attachment":[{"href":"https:\/\/mimartfuerte.es\/index.php\/wp-json\/wp\/v2\/media?parent=52"}],"curies":[{"name":"wp","href":"https:\/\/api.w.org\/{rel}","templated":true}]}}